{"id":101,"date":"2023-02-17T14:37:12","date_gmt":"2023-02-17T13:37:12","guid":{"rendered":"https:\/\/fabbrocourmayeur.it\/?page_id=101"},"modified":"2024-01-02T08:52:51","modified_gmt":"2024-01-02T07:52:51","slug":"motorizzazione-tapparelle-courmayeur","status":"publish","type":"page","link":"https:\/\/www.fabbrocourmayeur.it\/?page_id=101","title":{"rendered":"Motorizzazione tapparelle Courmayeur"},"content":{"rendered":"<div class=\"wpb-content-wrapper\"><p>[vc_row][vc_column width=&#8221;1\/2&#8243;][vc_column_text]Motorizzazione tapparelle Courmayeur: stanchi di continuare ad abbassare ed alzare le tapparelle di casa?<\/p>\n<p>Alzare ed abbassare le tapparelle e un&#8217;attivit\u00e0 che si fa almeno due volte al giorno, moltiplicata per tutte le tapparelle di casa.<\/p>\n<p>Quanto tempo e quanta fatica potresti risparmiare premendo semplicemente il tasto di un telecomando? La tapparella si alzerebbe da sola fino all&#8217;apertura massima, oppure potrebbe essere fermata, schiacciando nuovamente il tasto del telecomando, all&#8217;altezza desiderata. Sul telecomando possono essere presenti diversi tasti che corrispondono, ognuno di essi, ad una tapparella della tua casa in modo da gestire aperture singole oppure, premendo un ulteriore Tasto alzarle o abbassarle tutte insieme.<\/p>\n<p>Questo \u00e8 certamente una grande comodit\u00e0, in particolare per gli anziani. Se avete intenzione di fare un bel regalo, la motorizzazione delle serrande di casa \u00e8 di certo un grande regalo che sar\u00e0 apprezzato nel corso di tutti i mesi successivi.<\/p>\n<h2>Motorizzazione tapparelle Courmayeur: facile come premere un tasto<\/h2>\n<p>La motorizzazione delle serrande \u00e8 davvero semplice: pensiamo noi a tutto, allo smontaggio al montaggio del motore serrande, alla prova del telecomando. Possiamo motorizzare tutte le serrande di casa oppure soltanto alcune. Una volta terminato sar\u00e0 tutto pulito, senza spazzatura da buttare, non occorrono opere murarie, il tecnico vi spiegher\u00e0, in modo molto semplice, come usare il telecomando.[\/vc_column_text][\/vc_column][vc_column width=&#8221;1\/2&#8243;][vc_column_text]<img loading=\"lazy\" decoding=\"async\" class=\"wp-image-303 size-full aligncenter\" src=\"https:\/\/fabbrocourmayeur.it\/wp-content\/uploads\/2023\/02\/motorizzazione-tapparelle.png\" alt=\"motorizzazione tapparelle Courmayeur\" width=\"768\" height=\"939\" srcset=\"https:\/\/www.fabbrocourmayeur.it\/wp-content\/uploads\/2023\/02\/motorizzazione-tapparelle.png 768w, https:\/\/www.fabbrocourmayeur.it\/wp-content\/uploads\/2023\/02\/motorizzazione-tapparelle-245x300.png 245w\" sizes=\"auto, (max-width: 768px) 100vw, 768px\" \/>[\/vc_column_text][\/vc_column][\/vc_row][vc_row][vc_column width=&#8221;1\/2&#8243;][vc_column_text]<\/p>\n<h2>Motorizzazione tapparelle: richiesta preventivo.<\/h2>\n<p>Compila il form qui sotto per chiedere un preventivo oppure, chiamaci per prendere appuntamento per un sopralluogo senza impegno. Ti verr\u00e0 fatto un preventivo sul luogo e, se andr\u00e0 bene, inizieremo i lavori seduta stante.[\/vc_column_text]\n<div class=\"wpcf7 no-js\" id=\"wpcf7-f7-o1\" lang=\"it-IT\" dir=\"ltr\" data-wpcf7-id=\"7\">\n<div class=\"screen-reader-response\"><p role=\"status\" aria-live=\"polite\" aria-atomic=\"true\"><\/p> <ul><\/ul><\/div>\n<form action=\"\/index.php?rest_route=%2Fwp%2Fv2%2Fpages%2F101#wpcf7-f7-o1\" method=\"post\" class=\"wpcf7-form init\" aria-label=\"Modulo di contatto\" novalidate=\"novalidate\" data-status=\"init\">\n<fieldset class=\"hidden-fields-container\"><input type=\"hidden\" name=\"_wpcf7\" value=\"7\" \/><input type=\"hidden\" name=\"_wpcf7_version\" value=\"6.1.5\" \/><input type=\"hidden\" name=\"_wpcf7_locale\" value=\"it_IT\" \/><input type=\"hidden\" name=\"_wpcf7_unit_tag\" value=\"wpcf7-f7-o1\" \/><input type=\"hidden\" name=\"_wpcf7_container_post\" value=\"0\" \/><input type=\"hidden\" name=\"_wpcf7_posted_data_hash\" value=\"\" \/>\n<\/fieldset>\n<p><label><span class=\"wpcf7-form-control-wrap\" data-name=\"text-411\"><input size=\"40\" maxlength=\"400\" class=\"wpcf7-form-control wpcf7-text\" aria-invalid=\"false\" placeholder=\"Nome e cognome\" value=\"\" type=\"text\" name=\"text-411\" \/><\/span><br \/>\n<\/label><br \/>\n<label><span class=\"wpcf7-form-control-wrap\" data-name=\"your-email\"><input size=\"40\" maxlength=\"400\" class=\"wpcf7-form-control wpcf7-email wpcf7-validates-as-required wpcf7-text wpcf7-validates-as-email\" autocomplete=\"email\" aria-required=\"true\" aria-invalid=\"false\" placeholder=\"Email\" value=\"\" type=\"email\" name=\"your-email\" \/><\/span><br \/>\n<\/label><br \/>\n<label><span class=\"wpcf7-form-control-wrap\" data-name=\"tel-107\"><input size=\"40\" maxlength=\"400\" class=\"wpcf7-form-control wpcf7-tel wpcf7-validates-as-required wpcf7-text wpcf7-validates-as-tel\" aria-required=\"true\" aria-invalid=\"false\" placeholder=\"Telefono\" value=\"\" type=\"tel\" name=\"tel-107\" \/><\/span><br \/>\n<\/label><br \/>\n<label><br \/>\n<span class=\"wpcf7-form-control-wrap\" data-name=\"your-message\"><textarea cols=\"40\" rows=\"10\" maxlength=\"2000\" class=\"wpcf7-form-control wpcf7-textarea\" aria-invalid=\"false\" placeholder=\"Richiesta preventivo per...\" name=\"your-message\"><\/textarea><\/span><br \/>\n<\/label>\n<\/p>\n<p><span class=\"wpcf7-form-control-wrap kc_captcha\" data-name=\"kc_captcha\"><span class=\"wpcf7-form-control wpcf7-radio\"><span class=\"captcha-image\" ><span class=\"cf7ic_instructions\">Dimostra di essere umano selezionando<span> casa<\/span>.<\/span><label><input aria-label=\"1\" type=\"radio\" name=\"kc_captcha\" value=\"bot\" \/><svg aria-hidden=\"true\" role=\"img\" xmlns=\"http:\/\/www.w3.org\/2000\/svg\" viewBox=\"0 0 576 512\"><path fill=\"currentColor\" d=\"M415 24c-53 0-103 42-127 65-24-23-74-65-127-65C70 24 16 77 16 166c0 72 67 133 69 135l187 181c9 8 23 8 32 0l187-180c2-3 69-64 69-136 0-89-54-142-145-142z\"\/><\/svg><\/label><label><input aria-label=\"2\" type=\"radio\" name=\"kc_captcha\" value=\"kc_human\" \/><svg aria-hidden=\"true\" role=\"img\" xmlns=\"http:\/\/www.w3.org\/2000\/svg\" viewBox=\"0 0 576 512\"><path fill=\"currentColor\" d=\"M488 313v143c0 13-11 24-24 24H348c-7 0-12-5-12-12V356c0-7-5-12-12-12h-72c-7 0-12 5-12 12v112c0 7-5 12-12 12H112c-13 0-24-11-24-24V313c0-4 2-7 4-10l188-154c5-4 11-4 16 0l188 154c2 3 4 6 4 10zm84-61l-84-69V44c0-6-5-12-12-12h-56c-7 0-12 6-12 12v73l-89-74a48 48 0 00-61 0L4 252c-5 4-5 12-1 17l25 31c5 5 12 5 17 1l235-193c5-4 11-4 16 0l235 193c5 5 13 4 17-1l25-31c4-6 4-13-1-17z\"\/><\/svg><\/label><label><input aria-label=\"3\" type=\"radio\" name=\"kc_captcha\" value=\"bot\" \/><svg aria-hidden=\"true\" role=\"img\" xmlns=\"http:\/\/www.w3.org\/2000\/svg\" viewBox=\"0 0 640 512\"><path fill=\"currentColor\" d=\"M192 384h192c53 0 96-43 96-96h32a128 128 0 000-256H120c-13 0-24 11-24 24v232c0 53 43 96 96 96zM512 96a64 64 0 010 128h-32V96h32zm48 384H48c-47 0-61-64-36-64h584c25 0 11 64-36 64z\"\/><\/svg><\/label>\r\n    <\/span>\r\n    <span style=\"display:none\">\r\n        <input type=\"text\" name=\"kc_honeypot\">\r\n    <\/span><\/span><\/span>\n<\/p>\n<p><input class=\"wpcf7-form-control wpcf7-submit has-spinner\" type=\"submit\" value=\"Invia\" \/>\n<\/p><div class=\"wpcf7-response-output\" aria-hidden=\"true\"><\/div>\n<\/form>\n<\/div>\n[\/vc_column][vc_column width=&#8221;1\/2&#8243;][vc_column_text]<\/p>\n<h2>Mettiamo il motore ad ogni tapparella<\/h2>\n<p>A Courmayeur motorizziamo qualsiasi tipo di tapparella in qualsiasi materiale.<br \/>\nLe nostre motorizzazioni possono essere effettuate su tapparelle di qualsiasi forma e dimensione, eventualmente anche situate in posti non molto comodi. I nostri tecnici sono esperti e veloci. Al termine dell&#8217;installazione vi spiegheremo come utilizzare il telecomando e resteremo con voi sino a che non lo saprete utilizzare nel migliore dei modi.<\/p>\n<p>Uuna volta che ci sposteremo dalla vostra abitazione, porteremo con noi tutti gli eventuali rifiuti, che provvederemo a smaltire nelle isole ecologiche. Ricordiamo che, per l&#8217;installazione la motorizzazione delle tapparelle, non occorre alcuna opera muraria. Il tempo medio \u00e8 un po&#8217; meno di un&#8217;ora ma, per le tapparelle molto grandi, si pu\u00f2 arrivare anche a un paio di ore.<\/p>\n<p>\u00c8 sempre consigliabile richiedere un sopralluogo senza impegno, a quel punto possiamo dirvi con certezza il preventivo e anche quanto tempo ci impiegheremo. In tutti i casi, se vorrete e se sarete comodi, all&#8217;accettazione del preventivo possiamo iniziare subito i lavori seduta stante.[\/vc_column_text][\/vc_column][\/vc_row][vc_row][vc_column width=&#8221;1\/3&#8243;][vc_column_text]<img loading=\"lazy\" decoding=\"async\" class=\"alignnone size-medium wp-image-546\" src=\"https:\/\/fabbrocourmayeur.it\/wp-content\/uploads\/2023\/03\/LOGO-COURMAYEUR-300x77.webp\" alt=\"\" width=\"300\" height=\"77\" srcset=\"https:\/\/www.fabbrocourmayeur.it\/wp-content\/uploads\/2023\/03\/LOGO-COURMAYEUR-300x77.webp 300w, https:\/\/www.fabbrocourmayeur.it\/wp-content\/uploads\/2023\/03\/LOGO-COURMAYEUR.webp 372w\" sizes=\"auto, (max-width: 300px) 100vw, 300px\" \/>[\/vc_column_text][\/vc_column][vc_column width=&#8221;1\/3&#8243;][vc_column_text]<img loading=\"lazy\" decoding=\"async\" class=\"alignnone size-medium wp-image-248\" src=\"https:\/\/fabbrocourmayeur.it\/wp-content\/uploads\/2023\/02\/marche-serrature-300x146.png\" alt=\"\" width=\"300\" height=\"146\" srcset=\"https:\/\/www.fabbrocourmayeur.it\/wp-content\/uploads\/2023\/02\/marche-serrature-300x146.png 300w, https:\/\/www.fabbrocourmayeur.it\/wp-content\/uploads\/2023\/02\/marche-serrature.png 575w\" sizes=\"auto, (max-width: 300px) 100vw, 300px\" \/>[\/vc_column_text][\/vc_column][vc_column width=&#8221;1\/3&#8243;][vc_column_text]<img loading=\"lazy\" decoding=\"async\" class=\"alignnone size-medium wp-image-301\" src=\"https:\/\/fabbrocourmayeur.it\/wp-content\/uploads\/2023\/02\/fabbro-rivoli-Home-300x300.webp\" alt=\"Fabbro Courmayeur\" width=\"300\" height=\"300\" srcset=\"https:\/\/www.fabbrocourmayeur.it\/wp-content\/uploads\/2023\/02\/fabbro-rivoli-Home-300x300.webp 300w, https:\/\/www.fabbrocourmayeur.it\/wp-content\/uploads\/2023\/02\/fabbro-rivoli-Home-150x150.webp 150w, https:\/\/www.fabbrocourmayeur.it\/wp-content\/uploads\/2023\/02\/fabbro-rivoli-Home.webp 364w\" sizes=\"auto, (max-width: 300px) 100vw, 300px\" \/>[\/vc_column_text][\/vc_column][\/vc_row][vc_row][vc_column][vc_column_text]Contattaci direttamente cliccando <a href=\"https:\/\/fabbrocourmayeur.it\/\">QUI<\/a>[\/vc_column_text][\/vc_column][\/vc_row][vc_row][vc_column][vc_column_text]<\/p>\n<p data-sourcepos=\"1:1-1:78\"><strong>Motorizzazione tapparelle Courmayeur: comodit\u00e0 e sicurezza per la tua casa<\/strong><\/p>\n<p data-sourcepos=\"3:1-3:283\">Le tapparelle sono un elemento fondamentale di ogni abitazione, in quanto garantiscono la privacy e la sicurezza della casa. Tuttavia, l&#8217;apertura e la chiusura manuale delle tapparelle pu\u00f2 essere faticosa e laboriosa, soprattutto se le tapparelle sono pesanti o di grandi dimensioni.<\/p>\n<p data-sourcepos=\"5:1-5:164\">La motorizzazione delle tapparelle \u00e8 una soluzione che permette di automatizzare l&#8217;apertura e la chiusura delle tapparelle, rendendole pi\u00f9 comode e facili da usare.<\/p>\n<p data-sourcepos=\"7:1-7:50\"><strong>Vantaggi della motorizzazione delle tapparelle<\/strong><\/p>\n<p data-sourcepos=\"9:1-9:74\">I vantaggi della motorizzazione tapparelle Courmayeur sono molteplici, tra cui:<\/p>\n<ul data-sourcepos=\"11:1-14:0\">\n<li data-sourcepos=\"11:1-11:147\"><strong>Comodit\u00e0:<\/strong>\u00a0non \u00e8 pi\u00f9 necessario aprire e chiudere le tapparelle manualmente, ma \u00e8 sufficiente premere un pulsante o utilizzare un telecomando.<\/li>\n<li data-sourcepos=\"12:1-12:149\"><strong>Sicurezza:<\/strong>\u00a0la motorizzazione delle tapparelle pu\u00f2 migliorare la sicurezza della casa, rendendo pi\u00f9 difficile per i ladri forzare le tapparelle.<\/li>\n<li data-sourcepos=\"13:1-14:0\"><strong>Efficienza energetica:<\/strong>\u00a0le tapparelle motorizzate possono essere programmate per aprirsi e chiudersi automaticamente, in base alle esigenze dell&#8217;utente. Questo pu\u00f2 aiutare a risparmiare energia.<\/li>\n<\/ul>\n<p data-sourcepos=\"15:1-15:43\"><strong>Tipi di motorizzazione tapparelle Courmayeur<\/strong><\/p>\n<p data-sourcepos=\"17:1-17:66\">Esistono diversi tipi di motorizzazione delle tapparelle, tra cui:<\/p>\n<ul data-sourcepos=\"19:1-25:0\">\n<li data-sourcepos=\"19:1-20:41\"><strong>Motori a catena:<\/strong>\u00a0i motori a catena sono i pi\u00f9 comuni e sono adatti per tapparelle di piccole e medie dimensioni.\n<div class=\"attachment-container search-images\"><\/div>\n<\/li>\n<li data-sourcepos=\"21:1-22:46\"><strong>Motori a cremagliera:<\/strong>\u00a0i motori a cremagliera sono pi\u00f9 potenti dei motori a catena e sono adatti per tapparelle di grandi dimensioni.\n<div class=\"attachment-container search-images\"><\/div>\n<\/li>\n<li data-sourcepos=\"23:1-25:0\"><strong>Motori a pistone:<\/strong> i motori a pistone sono i pi\u00f9 potenti e sono adatti per tapparelle di grandi dimensioni e di peso elevato.<\/li>\n<\/ul>\n<p data-sourcepos=\"30:1-30:15\"><strong>Conclusione<\/strong><\/p>\n<p data-sourcepos=\"32:1-32:322\">La motorizzazione tapparelle Courmayeur \u00e8 una soluzione che offre numerosi vantaggi, tra cui comodit\u00e0, sicurezza ed efficienza energetica. Se stai pensando di motorizzare le tapparelle della tua casa, \u00e8 importante scegliere il tipo di motore pi\u00f9 adatto alle tue esigenze e di rivolgerti a un professionista per l&#8217;installazione.<\/p>\n<p>Modernizza la Tua Casa a Courmayeur con la Motorizzazione Tapparelle: Comfort e Sicurezza Garantiti<\/p>\n<p>Se stai cercando di migliorare il comfort e la sicurezza della tua casa a Courmayeur, la soluzione ideale \u00e8 la motorizzazione tapparelle Courmayeur. Questa tecnologia avanzata offre numerosi vantaggi, rendendo l&#8217;apertura e la chiusura delle tapparelle un processo efficiente e pratico.<\/p>\n<p>La motorizzazione tapparelle Courmayeur \u00e8 progettata per semplificare la gestione quotidiana delle tue finestre, offrendo un controllo remoto affidabile. Con un semplice clic, potrai regolare l&#8217;apertura e la chiusura delle tapparelle, godendo di un comfort senza precedenti nella tua abitazione.<\/p>\n<p>Il nostro team specializzato offre servizi completi di installazione e manutenzione della motorizzazione tapparelle Courmayeur. Ci impegniamo a fornire soluzioni personalizzate per soddisfare le tue esigenze specifiche, garantendo un funzionamento ottimale nel tempo.<\/p>\n<p>Investire nella motorizzazione tapparelle Courmayeur non solo aggiunge un tocco di modernit\u00e0 alla tua casa, ma fornisce anche un livello aggiuntivo di sicurezza. La gestione automatizzata delle tapparelle pu\u00f2 simulare la presenza in casa anche quando sei assente, contribuendo a dissuadere intrusioni indesiderate.<\/p>\n<p>Se desideri scoprire di pi\u00f9 sulla motorizzazione tapparelle Courmayeur e come pu\u00f2 migliorare il tuo stile di vita, contattaci oggi. Siamo pronti a offrirti consulenza e servizi professionali per rendere la tua casa pi\u00f9 confortevole e sicura.[\/vc_column_text][\/vc_column][\/vc_row]<\/p>\n<\/div>","protected":false},"excerpt":{"rendered":"<p>[vc_row][vc_column width=&#8221;1\/2&#8243;][vc_column_text]Motorizzazione tapparelle Courmayeur: stanchi di continuare ad abbassare ed alzare le tapparelle di casa? Alzare ed abbassare le tapparelle e un&#8217;attivit\u00e0 che si fa almeno due volte al giorno, moltiplicata per tutte le tapparelle di casa. Quanto tempo e quanta fatica potresti risparmiare premendo semplicemente il tasto di un telecomando? La tapparella si alzerebbe<a href=\"https:\/\/www.fabbrocourmayeur.it\/?page_id=101\" class=\"more-link\">Read More<\/a><\/p>\n","protected":false},"author":4,"featured_media":301,"parent":0,"menu_order":0,"comment_status":"closed","ping_status":"closed","template":"","meta":{"footnotes":""},"class_list":["post-101","page","type-page","status-publish","has-post-thumbnail","hentry"],"_links":{"self":[{"href":"https:\/\/www.fabbrocourmayeur.it\/index.php?rest_route=\/wp\/v2\/pages\/101","targetHints":{"allow":["GET"]}}],"collection":[{"href":"https:\/\/www.fabbrocourmayeur.it\/index.php?rest_route=\/wp\/v2\/pages"}],"about":[{"href":"https:\/\/www.fabbrocourmayeur.it\/index.php?rest_route=\/wp\/v2\/types\/page"}],"author":[{"embeddable":true,"href":"https:\/\/www.fabbrocourmayeur.it\/index.php?rest_route=\/wp\/v2\/users\/4"}],"replies":[{"embeddable":true,"href":"https:\/\/www.fabbrocourmayeur.it\/index.php?rest_route=%2Fwp%2Fv2%2Fcomments&post=101"}],"version-history":[{"count":17,"href":"https:\/\/www.fabbrocourmayeur.it\/index.php?rest_route=\/wp\/v2\/pages\/101\/revisions"}],"predecessor-version":[{"id":594,"href":"https:\/\/www.fabbrocourmayeur.it\/index.php?rest_route=\/wp\/v2\/pages\/101\/revisions\/594"}],"wp:featuredmedia":[{"embeddable":true,"href":"https:\/\/www.fabbrocourmayeur.it\/index.php?rest_route=\/wp\/v2\/media\/301"}],"wp:attachment":[{"href":"https:\/\/www.fabbrocourmayeur.it\/index.php?rest_route=%2Fwp%2Fv2%2Fmedia&parent=101"}],"curies":[{"name":"wp","href":"https:\/\/api.w.org\/{rel}","templated":true}]}}