{"id":18,"date":"2023-02-14T14:21:58","date_gmt":"2023-02-14T13:21:58","guid":{"rendered":"https:\/\/fabbrocourmayeur.it\/?page_id=18"},"modified":"2024-01-02T08:48:10","modified_gmt":"2024-01-02T07:48:10","slug":"apertura-porte-courmayeur","status":"publish","type":"page","link":"https:\/\/www.fabbrocourmayeur.it\/?page_id=18","title":{"rendered":"apertura porte Courmayeur"},"content":{"rendered":"<div class=\"wpb-content-wrapper\"><p>[vc_row][vc_column width=&#8221;1\/2&#8243;][vc_column_text]Apertura porte Courmayeur: sei rimasto chiuso fuori casa Courmayeur? Chiama subito il numero 351 88 16 239. Arriviamo in 15 minuti a casa tua e ti aiutiamo ad aprire la tua porta di legno o blindata in pochissimo tempo e senza alcun danno.<\/p>\n<h2>Apertura porte Courmayeur: chiama un fabbro esperto.<\/h2>\n<p>A rispondere alla tua chiamata sar\u00e0 una operatrice esperta: con poche domande identificher\u00e0 subito il tuo problema e potr\u00e0 inviarti il professionista giusto per te con tutti gli strumenti professionali necessari ad eseguire lo sblocco\u00a0 della porta. Lavoriamo sette giorni su sette e 24 ore su 24 quindi puoi chiamarci in qualsiasi momento per aprire la tua porta: il nostro intervento, a qualsiasi ora tu ci chiamerai, sar\u00e0 entro 15 minuti.<\/p>\n<p>Quando il fabbro arriva da te per l&#8217;apertura porte Courmayeur ha gi\u00e0 tutto l&#8217;occorrente. Non dovr\u00e0 quindi tornare in sede per prendere altri accessori, tutto sar\u00e0 nell&#8217;officina meccanica, quindi potr\u00e0 rimanere ad assisterti.[\/vc_column_text][vc_column_text]<\/p>\n<blockquote>\n<p style=\"text-align: center;\">La cortesia ed il rispetto del cliente prima di tutto<\/p>\n<\/blockquote>\n<p>[\/vc_column_text][vc_column_text]Bisogna aprire una porta a Courmayeur, ma ci sono molti motivi per cui una porta deve essere aperta: i principali sicuramente sono chiavi dimenticate all&#8217;interno e porta chiusa, chiavi perse smarrite o rubate e porta chiusa con giro di chiave, serratura bloccata, chiave che si \u00e8 rotta. Qualunque sia la motivazione per cui ci state chiamando per rientrare in casa sappiate che arriveremo subito e ci occuperemo immediatamente e completamente del problema[\/vc_column_text][\/vc_column][vc_column width=&#8221;1\/2&#8243;][vc_column_text]<img loading=\"lazy\" decoding=\"async\" class=\"aligncenter wp-image-367 size-full\" src=\"https:\/\/fabbrocourmayeur.it\/wp-content\/uploads\/2023\/02\/apertura-porte-1.webp\" alt=\"apertura porte Courmayeur\" width=\"563\" height=\"716\" srcset=\"https:\/\/www.fabbrocourmayeur.it\/wp-content\/uploads\/2023\/02\/apertura-porte-1.webp 563w, https:\/\/www.fabbrocourmayeur.it\/wp-content\/uploads\/2023\/02\/apertura-porte-1-236x300.webp 236w\" sizes=\"auto, (max-width: 563px) 100vw, 563px\" \/>[\/vc_column_text][\/vc_column][\/vc_row][vc_row][vc_column width=&#8221;1\/2&#8243;][vc_column_text]<\/p>\n<h2>Apertura porte Courmayeur blindata<\/h2>\n<p>Se devi aprire la tua porta blindata a Courmayeur puoi chiamarci ed arriviamo subito da te. Apriamo porte di qualsiasi marca e modello senza danno, comprese quelle con il famoso cilindro europeo di sicurezza.<\/p>\n<p>Seguiamo mensilmente corsi di aggiornamento su tutte le pi\u00f9 importanti serrature siamo quindi in grado di aprire qualsiasi tipologia di porta blindata anche le ultime arrivate sul mercato.<\/p>\n<p>Se una porta si pu\u00f2 aprire, anche se \u00e8 una di ultima generazione, magari chiusa con sei mandate di chiave, noi possiamo aprire tutto e cerchiamo sempre di farlo senza arrecare alcun danno.[\/vc_column_text][\/vc_column][vc_column width=&#8221;1\/2&#8243;][vc_column_text]<\/p>\n<h2>Pronto intervento porte Courmayeur<\/h2>\n<p>Da anni ci occupiamo dell&#8217;apertura porte Courmayeur di emergenza: siamo specializzati nel lavoro di urgenza a qualsiasi ora del giorno o della notte.<\/p>\n<p>Amiamo il nostro lavoro di pronto intervento porte e ci piace vedere i nostri clienti soddisfatti che finalmente possono rientrare nella loro casa. Il lavoro di pronto intervento porte inizia dalla telefonata: l&#8217;operatrice vi informer\u00e0 subito al telefono sul costo della chiamata (che varia in base all&#8217;orario) vi dar\u00e0 anche informazioni utili:<\/p>\n<ul>\n<li>Entro quanto tempo possiamo raggiungervi al vostro domicilio<\/li>\n<li>Quanto potrebbe volerci per l&#8217;intervento (in media)<\/li>\n<\/ul>\n<p>sar\u00e0 l&#8217;operatrice, in base a quello che direte, a scegliere il fabbro migliore per la vostra situazione.[\/vc_column_text][\/vc_column][\/vc_row][vc_row][vc_column width=&#8221;1\/2&#8243;][vc_column_text]<\/p>\n<h2>Assistenza Porte Courmayeur<\/h2>\n<p>Offriamo assistenza porte che vanno dallo sblocco della porta in emergenza sino al cambio completo della porta (sempre di emergenza). Mettiamo ad esempio che dei ladri abbiano sfondato la vostra porta di casa: chiaramente non si pu\u00f2 passare la notte con un occhio aperto perch\u00e9 la vostra porta d&#8217;ingresso \u00e8 rotta! E magari si vede anche all&#8217;interno dell&#8217;abitazione! Se siete a Courmayeur chiamateci e spiegateci il problema: noi arriviamo e vi cambiamo la porta di legno o la porta blindata me ne mettiamo una nuova, che si chiude, in modo da farvi dormire sonni tranquilli.[\/vc_column_text][\/vc_column][vc_column width=&#8221;1\/2&#8243; css=&#8221;.vc_custom_1676903596414{background-color: rgba(255,189,58,0.39) !important;*background-color: rgb(255,189,58) !important;}&#8221;][vc_column_text]<\/p>\n<h3>Il nostro consiglio:<\/h3>\n<p>il fai da te \u00e8 spesso \u00e8 molto utile e consente di risparmiare in parecchie occasioni dei soldi. Il problema del fai da te, quando si parla di porta o serratura, in particolare di una porta moderna e di una serratura moderna, \u00e8 che, anzich\u00e9 risparmiare, si rischia di spendere di pi\u00f9.<\/p>\n<p>Continuare a sforzare una serratura che \u00e8 bloccata o che non gira bene oppure continuare a tentare di aprire una porta mettendoci sempre pi\u00f9 forza, potrebbe romperla definitivamente.<br \/>\nNell&#8217;apertura porte Courmayeur vanno bene tutte quelle termiche che non implicano l&#8217;uso della forza in modo da preservare sia la porta che la serratura.<\/p>\n<p>Capita spesso nei nostri interventi che prima una situazione semplice, si trasformi in una complessa e dispendiosa,\u00a0 dopo un tentativo di risoluzione da parte di una persona non esperta.[\/vc_column_text][\/vc_column][\/vc_row][vc_row full_width=&#8221;stretch_row&#8221; css=&#8221;.vc_custom_1676903394383{background-color: #f9f9f9 !important;}&#8221;][vc_column width=&#8221;1\/2&#8243;][vc_column_text]<\/p>\n<h3>Sostituzione porte Courmayeur: richiesta di preventivo<\/h3>\n<p>[\/vc_column_text][vc_column_text]Se devi sostituire la tua porta blindata o la tua porta di legno a Courmayeur, o se devi sostituire la tua porta di legno con una blindata e non hai particolare urgenza, contattaci per un preventivo.<\/p>\n<p>Compila il form in questa pagina e, in 24 ore, riceverai il nostro miglior prezzo, unitamente alle tempistiche di intervento. Noi lavoriamo sempre con le emergenze e quindi siamo abbastanza rapidi nel il montaggio e nel cambio delle porte. Chiedici pure il preventivo potremmo essere concorrenziali rispetto ad altri.[\/vc_column_text]\n<div class=\"wpcf7 no-js\" id=\"wpcf7-f7-o1\" lang=\"it-IT\" dir=\"ltr\" data-wpcf7-id=\"7\">\n<div class=\"screen-reader-response\"><p role=\"status\" aria-live=\"polite\" aria-atomic=\"true\"><\/p> <ul><\/ul><\/div>\n<form action=\"\/index.php?rest_route=%2Fwp%2Fv2%2Fpages%2F18#wpcf7-f7-o1\" method=\"post\" class=\"wpcf7-form init\" aria-label=\"Modulo di contatto\" novalidate=\"novalidate\" data-status=\"init\">\n<fieldset class=\"hidden-fields-container\"><input type=\"hidden\" name=\"_wpcf7\" value=\"7\" \/><input type=\"hidden\" name=\"_wpcf7_version\" value=\"6.1.5\" \/><input type=\"hidden\" name=\"_wpcf7_locale\" value=\"it_IT\" \/><input type=\"hidden\" name=\"_wpcf7_unit_tag\" value=\"wpcf7-f7-o1\" \/><input type=\"hidden\" name=\"_wpcf7_container_post\" value=\"0\" \/><input type=\"hidden\" name=\"_wpcf7_posted_data_hash\" value=\"\" \/>\n<\/fieldset>\n<p><label><span class=\"wpcf7-form-control-wrap\" data-name=\"text-411\"><input size=\"40\" maxlength=\"400\" class=\"wpcf7-form-control wpcf7-text\" aria-invalid=\"false\" placeholder=\"Nome e cognome\" value=\"\" type=\"text\" name=\"text-411\" \/><\/span><br \/>\n<\/label><br \/>\n<label><span class=\"wpcf7-form-control-wrap\" data-name=\"your-email\"><input size=\"40\" maxlength=\"400\" class=\"wpcf7-form-control wpcf7-email wpcf7-validates-as-required wpcf7-text wpcf7-validates-as-email\" autocomplete=\"email\" aria-required=\"true\" aria-invalid=\"false\" placeholder=\"Email\" value=\"\" type=\"email\" name=\"your-email\" \/><\/span><br \/>\n<\/label><br \/>\n<label><span class=\"wpcf7-form-control-wrap\" data-name=\"tel-107\"><input size=\"40\" maxlength=\"400\" class=\"wpcf7-form-control wpcf7-tel wpcf7-validates-as-required wpcf7-text wpcf7-validates-as-tel\" aria-required=\"true\" aria-invalid=\"false\" placeholder=\"Telefono\" value=\"\" type=\"tel\" name=\"tel-107\" \/><\/span><br \/>\n<\/label><br \/>\n<label><br \/>\n<span class=\"wpcf7-form-control-wrap\" data-name=\"your-message\"><textarea cols=\"40\" rows=\"10\" maxlength=\"2000\" class=\"wpcf7-form-control wpcf7-textarea\" aria-invalid=\"false\" placeholder=\"Richiesta preventivo per...\" name=\"your-message\"><\/textarea><\/span><br \/>\n<\/label>\n<\/p>\n<p><span class=\"wpcf7-form-control-wrap kc_captcha\" data-name=\"kc_captcha\"><span class=\"wpcf7-form-control wpcf7-radio\"><span class=\"captcha-image\" ><span class=\"cf7ic_instructions\">Dimostra di essere umano selezionando<span> albero<\/span>.<\/span><label><input aria-label=\"1\" type=\"radio\" name=\"kc_captcha\" value=\"bot\" \/><svg aria-hidden=\"true\" role=\"img\" xmlns=\"http:\/\/www.w3.org\/2000\/svg\" viewBox=\"0 0 512 512\"><path fill=\"currentColor\" d=\"M500 168h-55l-8-21a127 127 0 00-120-83H195a127 127 0 00-120 83l-8 21H12c-8 0-14 8-11 16l8 24a12 12 0 0011 8h29a64 64 0 00-33 56v48c0 16 6 31 16 42v62c0 13 11 24 24 24h48c13 0 24-11 24-24v-40h256v40c0 13 11 24 24 24h48c13 0 24-11 24-24v-62c10-11 16-26 16-42v-48c0-24-13-45-33-56h29a12 12 0 0011-8l8-24c3-8-3-16-11-16zm-365 2c9-25 33-42 60-42h122c27 0 51 17 60 42l15 38H120l15-38zM88 328a32 32 0 010-64c18 0 48 30 48 48s-30 16-48 16zm336 0c-18 0-48 2-48-16s30-48 48-48 32 14 32 32-14 32-32 32z\"\/><\/svg><\/label><label><input aria-label=\"2\" type=\"radio\" name=\"kc_captcha\" value=\"bot\" \/><svg aria-hidden=\"true\" role=\"img\" xmlns=\"http:\/\/www.w3.org\/2000\/svg\" viewBox=\"0 0 512 512\"><path fill=\"currentColor\" d=\"M512 176a176 176 0 01-209 173l-24 27a24 24 0 01-18 8h-37v40c0 13-11 24-24 24h-40v40c0 13-11 24-24 24H24c-13 0-24-11-24-24v-78c0-6 3-13 7-17l162-162a176 176 0 11343-55zm-176-48a48 48 0 1096 0 48 48 0 00-96 0z\"\/><\/svg><\/label><label><input aria-label=\"3\" type=\"radio\" name=\"kc_captcha\" value=\"kc_human\" \/><svg aria-hidden=\"true\" role=\"img\" xmlns=\"http:\/\/www.w3.org\/2000\/svg\" viewBox=\"0 0 384 512\"><path fill=\"currentColor\" d=\"M377 375l-83-87h34c21 0 32-25 17-40l-82-88h33c21 0 32-25 18-40L210 8c-10-11-26-11-36 0L70 120c-14 15-3 40 18 40h33l-82 88c-15 15-4 40 17 40h34L7 375c-15 16-4 41 17 41h120c0 33-11 49-34 68-12 9-5 28 10 28h144c15 0 22-19 10-28-20-16-34-32-34-68h120c21 0 32-25 17-41z\"\/><\/svg><\/label>\r\n    <\/span>\r\n    <span style=\"display:none\">\r\n        <input type=\"text\" name=\"kc_honeypot\">\r\n    <\/span><\/span><\/span>\n<\/p>\n<p><input class=\"wpcf7-form-control wpcf7-submit has-spinner\" type=\"submit\" value=\"Invia\" \/>\n<\/p><div class=\"wpcf7-response-output\" aria-hidden=\"true\"><\/div>\n<\/form>\n<\/div>\n[\/vc_column][vc_column width=&#8221;1\/2&#8243;][vc_column_text]<\/p>\n<h3>Apertura porte: marchi trattati.<\/h3>\n<p>Prima di parlare dei marchi di serrature che trattiamo, ci teniamo a specificare, per coloro che hanno ancora la porta (oppure la serratura) in garanzia, che noi non siamo una assistenza di brand e quindi il nostro servizio non \u00e8 mai il servizio di garanzia.<\/p>\n<p>Facciamo un esempio: se avete installato una porta blindata Dierre, noi non facciamo parte dell&#8217;assistenza ufficiale di questa casa di produzione e quindi se affidate la vostra porta in garanzia a noi, la garanzia potrebbe decadere. In questo caso dovrete chiamare proprio la ditta che vi ha installato la porta\u00a0 o la stessa casa di produzione. Chiaramente, quando qualcuno si trova in una condizione di emergenza, non ha tempo di aspettare i normali orari d&#8217;ufficio che magari pu\u00f2 avere una grande ditta, ma per correttezza ci tenevamo a sottolineare questo punto.<\/p>\n<p>Trattiamo le porte blindate da classe 1 a classe 3, 4, 5, 6, porte di sicurezza anti-sfondamento, anti-trapano e anti pass-partout. Utilizziamo metodi innovativi per aprire le porte senza arrecare alcun danno.[\/vc_column_text][vc_column_text]<strong>Marchi di porte blindate trattati:<\/strong><\/p>\n<p>Oikos, Vighi, Torterolo e Re, Dierre, Metalnova, De Nardi, Ballan, Tesio , Fiam, Mottura, Antonioli, A uno, Cisa, Evva, Fichette, Cerutti, Moia, Securemme, Iseo, Dom, Sica, Yale, Viro, Silca, CR, Dorma, MASTER, DI.BI., Scrigno.[\/vc_column_text][\/vc_column][\/vc_row][vc_row][vc_column width=&#8221;1\/3&#8243;][vc_column_text]<img loading=\"lazy\" decoding=\"async\" class=\"alignnone size-medium wp-image-546\" src=\"https:\/\/fabbrocourmayeur.it\/wp-content\/uploads\/2023\/03\/LOGO-COURMAYEUR-300x77.webp\" alt=\"\" width=\"300\" height=\"77\" srcset=\"https:\/\/www.fabbrocourmayeur.it\/wp-content\/uploads\/2023\/03\/LOGO-COURMAYEUR-300x77.webp 300w, https:\/\/www.fabbrocourmayeur.it\/wp-content\/uploads\/2023\/03\/LOGO-COURMAYEUR.webp 372w\" sizes=\"auto, (max-width: 300px) 100vw, 300px\" \/>[\/vc_column_text][\/vc_column][vc_column width=&#8221;1\/3&#8243;][vc_column_text]<img loading=\"lazy\" decoding=\"async\" class=\"alignnone size-medium wp-image-248\" src=\"https:\/\/fabbrocourmayeur.it\/wp-content\/uploads\/2023\/02\/marche-serrature-300x146.png\" alt=\"\" width=\"300\" height=\"146\" srcset=\"https:\/\/www.fabbrocourmayeur.it\/wp-content\/uploads\/2023\/02\/marche-serrature-300x146.png 300w, https:\/\/www.fabbrocourmayeur.it\/wp-content\/uploads\/2023\/02\/marche-serrature.png 575w\" sizes=\"auto, (max-width: 300px) 100vw, 300px\" \/>[\/vc_column_text][\/vc_column][vc_column width=&#8221;1\/3&#8243;][vc_column_text]<img loading=\"lazy\" decoding=\"async\" class=\"alignnone size-medium wp-image-301\" src=\"https:\/\/fabbrocourmayeur.it\/wp-content\/uploads\/2023\/02\/fabbro-rivoli-Home-300x300.webp\" alt=\"Fabbro Courmayeur\" width=\"300\" height=\"300\" srcset=\"https:\/\/www.fabbrocourmayeur.it\/wp-content\/uploads\/2023\/02\/fabbro-rivoli-Home-300x300.webp 300w, https:\/\/www.fabbrocourmayeur.it\/wp-content\/uploads\/2023\/02\/fabbro-rivoli-Home-150x150.webp 150w, https:\/\/www.fabbrocourmayeur.it\/wp-content\/uploads\/2023\/02\/fabbro-rivoli-Home.webp 364w\" sizes=\"auto, (max-width: 300px) 100vw, 300px\" \/>[\/vc_column_text][\/vc_column][\/vc_row][vc_row][vc_column][vc_column_text]Contattaci direttamente cliccando <a href=\"https:\/\/fabbrocourmayeur.it\/\">QUI<\/a>[\/vc_column_text][\/vc_column][\/vc_row][vc_row][vc_column][vc_column_text]<\/p>\n<p data-sourcepos=\"1:1-1:73\"><strong>Servizio apertura porte Courmayeur: intervento rapido e professionale<\/strong><\/p>\n<p data-sourcepos=\"3:1-3:316\">Se ti sei chiuso fuori casa a Courmayeur, non sai come aprire la porta blindata o la chiave si \u00e8 rotta nella serratura, non preoccuparti! Il <strong>Servizio apertura porte Courmayeur<\/strong> \u00e8 a tua disposizione 24 ore su 24, 7 giorni su 7, per aiutarti a risolvere il problema in tempi rapidi e con la massima professionalit\u00e0.<\/p>\n<p data-sourcepos=\"5:1-5:276\">I nostri fabbri specializzati interverranno a casa tua in meno di 30 minuti, dotati di tutta l&#8217;attrezzatura necessaria per aprire la porta senza danneggiarla. Utilizziamo tecniche innovative e attrezzature all&#8217;avanguardia per garantire un intervento rapido, efficace e sicuro.<\/p>\n<p data-sourcepos=\"7:1-7:75\">Il <strong>Servizio apertura porte Courmayeur<\/strong> offre una vasta gamma di servizi:<\/p>\n<ul data-sourcepos=\"9:1-15:0\">\n<li data-sourcepos=\"9:1-9:25\">Apertura porte blindate<\/li>\n<li data-sourcepos=\"10:1-10:25\">Apertura porte in legno<\/li>\n<li data-sourcepos=\"11:1-11:27\">Apertura porte in metallo<\/li>\n<li data-sourcepos=\"12:1-12:29\">Apertura serrature bloccate<\/li>\n<li data-sourcepos=\"13:1-13:18\">Cambio serrature<\/li>\n<li data-sourcepos=\"14:1-15:0\">Riparazione porte<\/li>\n<\/ul>\n<p data-sourcepos=\"16:1-16:110\">I nostri prezzi sono competitivi e trasparenti, e offriamo un servizio di garanzia su tutti i lavori eseguiti.<\/p>\n<p data-sourcepos=\"18:1-18:49\"><strong>Contattaci subito per un preventivo gratuito<\/strong>!<\/p>\n<p>Servizio Apertura Porte Courmayeur: La Chiave per la Tua Sicurezza<\/p>\n<p>Se stai cercando un affidabile Servizio Apertura Porte a Courmayeur, sei nel posto giusto! Il nostro team specializzato offre un Servizio Apertura Porte Courmayeur professionale e veloce, garantendo la massima sicurezza per la tua casa o il tuo ufficio.<\/p>\n<p>Il nostro Servizio Apertura Porte Courmayeur \u00e8 disponibile 24\/7, 365 giorni all&#8217;anno. Siamo consapevoli che un problema con la serratura pu\u00f2 verificarsi in qualsiasi momento, e la tua tranquillit\u00e0 \u00e8 la nostra priorit\u00e0. I nostri esperti altamente qualificati sono pronti ad intervenire con competenza e rapidit\u00e0 per risolvere qualsiasi inconveniente legato alle tue porte.<\/p>\n<p>Abbiamo investito in attrezzature all&#8217;avanguardia per garantire un Servizio Apertura Porte Courmayeur senza danni alle tue porte o serrature. La nostra attenzione ai dettagli e la professionalit\u00e0 del nostro personale ci distinguono nel settore.<\/p>\n<p>Contattaci ora per usufruire del nostro Servizio Apertura Porte Courmayeur e ripristinare la sicurezza della tua casa o del tuo ufficio. Siamo pronti a rispondere alle tue chiamate 24\/7 e ad intervenire tempestivamente in qualsiasi zona di Courmayeur.<\/p>\n<p>Ricorda, quando si tratta di aperture porte, la nostra esperienza e dedizione fanno la differenza. Scegli il nostro Servizio Apertura Porte Courmayeur per una soluzione rapida, efficiente e sicura.[\/vc_column_text][\/vc_column][\/vc_row]<\/p>\n<\/div>","protected":false},"excerpt":{"rendered":"<p>[vc_row][vc_column width=&#8221;1\/2&#8243;][vc_column_text]Apertura porte Courmayeur: sei rimasto chiuso fuori casa Courmayeur? Chiama subito il numero 351 88 16 239. Arriviamo in 15 minuti a casa tua e ti aiutiamo ad aprire la tua porta di legno o blindata in pochissimo tempo e senza alcun danno. Apertura porte Courmayeur: chiama un fabbro esperto. A rispondere alla tua<a href=\"https:\/\/www.fabbrocourmayeur.it\/?page_id=18\" class=\"more-link\">Read More<\/a><\/p>\n","protected":false},"author":4,"featured_media":301,"parent":0,"menu_order":0,"comment_status":"closed","ping_status":"closed","template":"","meta":{"footnotes":""},"class_list":["post-18","page","type-page","status-publish","has-post-thumbnail","hentry"],"_links":{"self":[{"href":"https:\/\/www.fabbrocourmayeur.it\/index.php?rest_route=\/wp\/v2\/pages\/18","targetHints":{"allow":["GET"]}}],"collection":[{"href":"https:\/\/www.fabbrocourmayeur.it\/index.php?rest_route=\/wp\/v2\/pages"}],"about":[{"href":"https:\/\/www.fabbrocourmayeur.it\/index.php?rest_route=\/wp\/v2\/types\/page"}],"author":[{"embeddable":true,"href":"https:\/\/www.fabbrocourmayeur.it\/index.php?rest_route=\/wp\/v2\/users\/4"}],"replies":[{"embeddable":true,"href":"https:\/\/www.fabbrocourmayeur.it\/index.php?rest_route=%2Fwp%2Fv2%2Fcomments&post=18"}],"version-history":[{"count":42,"href":"https:\/\/www.fabbrocourmayeur.it\/index.php?rest_route=\/wp\/v2\/pages\/18\/revisions"}],"predecessor-version":[{"id":591,"href":"https:\/\/www.fabbrocourmayeur.it\/index.php?rest_route=\/wp\/v2\/pages\/18\/revisions\/591"}],"wp:featuredmedia":[{"embeddable":true,"href":"https:\/\/www.fabbrocourmayeur.it\/index.php?rest_route=\/wp\/v2\/media\/301"}],"wp:attachment":[{"href":"https:\/\/www.fabbrocourmayeur.it\/index.php?rest_route=%2Fwp%2Fv2%2Fmedia&parent=18"}],"curies":[{"name":"wp","href":"https:\/\/api.w.org\/{rel}","templated":true}]}}