{"id":47,"date":"2023-02-14T14:37:51","date_gmt":"2023-02-14T13:37:51","guid":{"rendered":"https:\/\/fabbrocourmayeur.it\/?page_id=47"},"modified":"2024-01-02T08:51:16","modified_gmt":"2024-01-02T07:51:16","slug":"motorizzazione-serrande","status":"publish","type":"page","link":"https:\/\/www.fabbrocourmayeur.it\/?page_id=47","title":{"rendered":"motorizzazione serrande"},"content":{"rendered":"<div class=\"wpb-content-wrapper\"><p>[vc_row][vc_column width=&#8221;1\/2&#8243;][vc_column_text]Motorizzazione serrande a Courmayeur? La motorizzazione delle serrande \u00e8 un servizio indispensabile per preservare la schiena di tutti i commercianti o di tutti coloro che hanno un automobile in un garage.<\/p>\n<p>La serranda si deve alzare e abbassare minimo 4 volte al giorno, senza contare le pause pranzo e quindi diventano sei volte al giorno, tutti i giorni dell&#8217;anno. Quando si \u00e8 giovani, alzare e abbassare una serranda sembra che non sia un problema, in realt\u00e0 il carico sulla schiena c&#8217;\u00e8 comunque, ma si tende a non farci caso e, se c&#8217;\u00e8 qualche piccolo dolore, passa subito.<\/p>\n<p>Con il passare degli anni, a fare sempre gli stessi movimenti, si risente parecchio del peso di una serranda che, ovviamente, dovr\u00e0 essere pesante per poter resistere agli attacchi di eventuali malintenzionati.<\/p>\n<p>Pensate a quale miglioramento immediato avrebbe la vostra vita motorizzando la vostra serranda. Non importa quante serrande avete: una, due, tre, cinque&#8230; con un tasto del telecomando si alzano tutte insieme e con un altro tasto si abbassano tutte insieme. Oppure si possono differenziare, si pu\u00f2 fare pi\u00f9 di un solo tasto sul telecomando! si possono fare diversi tasti sul telecomando ad esempio da 1 a 4 che controlleranno le serrande da 1 a 4. Se avete un negozio con pi\u00f9 di una serranda il consiglio \u00e8 quello di motorizzarle tutte quante , anche perch\u00e9, dopo che ne avrete fatta una, non vorrete rinunciare a questa comodit\u00e0 per nulla al mondo.<\/p>\n<h2>Motorizzazione serrande Courmayeur: motorizziamo serrande di ogni tipo<\/h2>\n<p>non importa quale tipologia di serranda tua abbia Noi arriviamo da te e la motorizziamo ci occupiamo di tutte le grandi suddivisioni di serrande tra cui: avvolgibili, basculanti e sezionali.[\/vc_column_text][\/vc_column][vc_column width=&#8221;1\/2&#8243;][vc_column_text]<\/p>\n<p><img loading=\"lazy\" decoding=\"async\" class=\"aligncenter wp-image-278 size-full\" src=\"https:\/\/fabbrocourmayeur.it\/wp-content\/uploads\/2023\/02\/motorizzazione-serrande.webp\" alt=\"motorizzazione serrande Courmayeur\" width=\"768\" height=\"939\" srcset=\"https:\/\/www.fabbrocourmayeur.it\/wp-content\/uploads\/2023\/02\/motorizzazione-serrande.webp 768w, https:\/\/www.fabbrocourmayeur.it\/wp-content\/uploads\/2023\/02\/motorizzazione-serrande-245x300.webp 245w\" sizes=\"auto, (max-width: 768px) 100vw, 768px\" \/><\/p>\n<p>[\/vc_column_text][\/vc_column][\/vc_row][vc_row][vc_column width=&#8221;1\/2&#8243;][vc_column_text]<\/p>\n<h2>Richiesta preventivo<\/h2>\n<p>vuoi motorizzare la tua serranda a Courmayeur chiedici un preventivo! Compila il form seguente, ed entro 24 ore sarai ricontattato, oppure telefonaci e richiedici un appuntamento.[\/vc_column_text]\n<div class=\"wpcf7 no-js\" id=\"wpcf7-f7-o1\" lang=\"it-IT\" dir=\"ltr\" data-wpcf7-id=\"7\">\n<div class=\"screen-reader-response\"><p role=\"status\" aria-live=\"polite\" aria-atomic=\"true\"><\/p> <ul><\/ul><\/div>\n<form action=\"\/index.php?rest_route=%2Fwp%2Fv2%2Fpages%2F47#wpcf7-f7-o1\" method=\"post\" class=\"wpcf7-form init\" aria-label=\"Modulo di contatto\" novalidate=\"novalidate\" data-status=\"init\">\n<fieldset class=\"hidden-fields-container\"><input type=\"hidden\" name=\"_wpcf7\" value=\"7\" \/><input type=\"hidden\" name=\"_wpcf7_version\" value=\"6.1.5\" \/><input type=\"hidden\" name=\"_wpcf7_locale\" value=\"it_IT\" \/><input type=\"hidden\" name=\"_wpcf7_unit_tag\" value=\"wpcf7-f7-o1\" \/><input type=\"hidden\" name=\"_wpcf7_container_post\" value=\"0\" \/><input type=\"hidden\" name=\"_wpcf7_posted_data_hash\" value=\"\" \/>\n<\/fieldset>\n<p><label><span class=\"wpcf7-form-control-wrap\" data-name=\"text-411\"><input size=\"40\" maxlength=\"400\" class=\"wpcf7-form-control wpcf7-text\" aria-invalid=\"false\" placeholder=\"Nome e cognome\" value=\"\" type=\"text\" name=\"text-411\" \/><\/span><br \/>\n<\/label><br \/>\n<label><span class=\"wpcf7-form-control-wrap\" data-name=\"your-email\"><input size=\"40\" maxlength=\"400\" class=\"wpcf7-form-control wpcf7-email wpcf7-validates-as-required wpcf7-text wpcf7-validates-as-email\" autocomplete=\"email\" aria-required=\"true\" aria-invalid=\"false\" placeholder=\"Email\" value=\"\" type=\"email\" name=\"your-email\" \/><\/span><br \/>\n<\/label><br \/>\n<label><span class=\"wpcf7-form-control-wrap\" data-name=\"tel-107\"><input size=\"40\" maxlength=\"400\" class=\"wpcf7-form-control wpcf7-tel wpcf7-validates-as-required wpcf7-text wpcf7-validates-as-tel\" aria-required=\"true\" aria-invalid=\"false\" placeholder=\"Telefono\" value=\"\" type=\"tel\" name=\"tel-107\" \/><\/span><br \/>\n<\/label><br \/>\n<label><br \/>\n<span class=\"wpcf7-form-control-wrap\" data-name=\"your-message\"><textarea cols=\"40\" rows=\"10\" maxlength=\"2000\" class=\"wpcf7-form-control wpcf7-textarea\" aria-invalid=\"false\" placeholder=\"Richiesta preventivo per...\" name=\"your-message\"><\/textarea><\/span><br \/>\n<\/label>\n<\/p>\n<p><span class=\"wpcf7-form-control-wrap kc_captcha\" data-name=\"kc_captcha\"><span class=\"wpcf7-form-control wpcf7-radio\"><span class=\"captcha-image\" ><span class=\"cf7ic_instructions\">Dimostra di essere umano selezionando<span> bandiera<\/span>.<\/span><label><input aria-label=\"1\" type=\"radio\" name=\"kc_captcha\" value=\"bot\" \/><svg aria-hidden=\"true\" role=\"img\" xmlns=\"http:\/\/www.w3.org\/2000\/svg\" viewBox=\"0 0 576 512\"><path fill=\"currentColor\" d=\"M415 24c-53 0-103 42-127 65-24-23-74-65-127-65C70 24 16 77 16 166c0 72 67 133 69 135l187 181c9 8 23 8 32 0l187-180c2-3 69-64 69-136 0-89-54-142-145-142z\"\/><\/svg><\/label><label><input aria-label=\"2\" type=\"radio\" name=\"kc_captcha\" value=\"kc_human\" \/><svg aria-hidden=\"true\" role=\"img\" xmlns=\"http:\/\/www.w3.org\/2000\/svg\" viewBox=\"0 0 512 512\"><path fill=\"currentColor\" d=\"M350 99c-54 0-98-35-166-35-25 0-47 4-68 12a56 56 0 004-24C118 24 95 1 66 0a56 56 0 00-34 102v386c0 13 11 24 24 24h16c13 0 24-11 24-24v-94c28-12 64-23 114-23 54 0 98 35 166 35 48 0 86-16 122-41 9-6 14-15 14-26V96c0-23-24-39-45-29-35 16-77 32-117 32z\"\/><\/svg><\/label><label><input aria-label=\"3\" type=\"radio\" name=\"kc_captcha\" value=\"bot\" \/><svg aria-hidden=\"true\" role=\"img\" xmlns=\"http:\/\/www.w3.org\/2000\/svg\" viewBox=\"0 0 512 512\"><path fill=\"currentColor\" d=\"M512 176a176 176 0 01-209 173l-24 27a24 24 0 01-18 8h-37v40c0 13-11 24-24 24h-40v40c0 13-11 24-24 24H24c-13 0-24-11-24-24v-78c0-6 3-13 7-17l162-162a176 176 0 11343-55zm-176-48a48 48 0 1096 0 48 48 0 00-96 0z\"\/><\/svg><\/label>\r\n    <\/span>\r\n    <span style=\"display:none\">\r\n        <input type=\"text\" name=\"kc_honeypot\">\r\n    <\/span><\/span><\/span>\n<\/p>\n<p><input class=\"wpcf7-form-control wpcf7-submit has-spinner\" type=\"submit\" value=\"Invia\" \/>\n<\/p><div class=\"wpcf7-response-output\" aria-hidden=\"true\"><\/div>\n<\/form>\n<\/div>\n[\/vc_column][vc_column width=&#8221;1\/2&#8243;][vc_column_text]<\/p>\n<h2>Garanzia di 5 anni: motori con marchio CE<\/h2>\n<p>Tutti i motori da noi installati sono a marchio CE, garantiti 5 anni. Con regolare fattura. Montiamo soltanto i nostri motori, cos\u00ec possiamo garantire la garanzia.[\/vc_column_text][\/vc_column][\/vc_row][vc_row][vc_column width=&#8221;1\/3&#8243;][vc_column_text]<img loading=\"lazy\" decoding=\"async\" class=\"alignnone size-medium wp-image-546\" src=\"https:\/\/fabbrocourmayeur.it\/wp-content\/uploads\/2023\/03\/LOGO-COURMAYEUR-300x77.webp\" alt=\"\" width=\"300\" height=\"77\" srcset=\"https:\/\/www.fabbrocourmayeur.it\/wp-content\/uploads\/2023\/03\/LOGO-COURMAYEUR-300x77.webp 300w, https:\/\/www.fabbrocourmayeur.it\/wp-content\/uploads\/2023\/03\/LOGO-COURMAYEUR.webp 372w\" sizes=\"auto, (max-width: 300px) 100vw, 300px\" \/>[\/vc_column_text][\/vc_column][vc_column width=&#8221;1\/3&#8243;][vc_column_text]<img loading=\"lazy\" decoding=\"async\" class=\"alignnone size-medium wp-image-248\" src=\"https:\/\/fabbrocourmayeur.it\/wp-content\/uploads\/2023\/02\/marche-serrature-300x146.png\" alt=\"\" width=\"300\" height=\"146\" srcset=\"https:\/\/www.fabbrocourmayeur.it\/wp-content\/uploads\/2023\/02\/marche-serrature-300x146.png 300w, https:\/\/www.fabbrocourmayeur.it\/wp-content\/uploads\/2023\/02\/marche-serrature.png 575w\" sizes=\"auto, (max-width: 300px) 100vw, 300px\" \/>[\/vc_column_text][\/vc_column][vc_column width=&#8221;1\/3&#8243;][vc_column_text]<img loading=\"lazy\" decoding=\"async\" class=\"alignnone size-medium wp-image-301\" src=\"https:\/\/fabbrocourmayeur.it\/wp-content\/uploads\/2023\/02\/fabbro-rivoli-Home-300x300.webp\" alt=\"Fabbro Courmayeur\" width=\"300\" height=\"300\" srcset=\"https:\/\/www.fabbrocourmayeur.it\/wp-content\/uploads\/2023\/02\/fabbro-rivoli-Home-300x300.webp 300w, https:\/\/www.fabbrocourmayeur.it\/wp-content\/uploads\/2023\/02\/fabbro-rivoli-Home-150x150.webp 150w, https:\/\/www.fabbrocourmayeur.it\/wp-content\/uploads\/2023\/02\/fabbro-rivoli-Home.webp 364w\" sizes=\"auto, (max-width: 300px) 100vw, 300px\" \/>[\/vc_column_text][\/vc_column][\/vc_row][vc_row][vc_column][vc_column_text]Contattaci direttamente cliccando <a href=\"https:\/\/fabbrocourmayeur.it\/\">QUI<\/a>[\/vc_column_text][\/vc_column][\/vc_row][vc_row][vc_column][vc_column_text]<\/p>\n<p data-sourcepos=\"1:1-1:49\"><strong>Motorizzazione serrande: comodit\u00e0 e sicurezza<\/strong><\/p>\n<p data-sourcepos=\"3:1-3:264\">Le serrande sono un elemento fondamentale di un&#8217;abitazione, in quanto garantiscono la sicurezza e la privacy. Tuttavia, l&#8217;apertura e la chiusura manuale delle serrande pu\u00f2 essere faticosa e laboriosa, soprattutto se le serrande sono pesanti o di grandi dimensioni.<\/p>\n<p data-sourcepos=\"5:1-5:160\">La motorizzazione delle serrande \u00e8 una soluzione che permette di automatizzare l&#8217;apertura e la chiusura delle serrande, rendendole pi\u00f9 comode e facili da usare.<\/p>\n<p data-sourcepos=\"7:1-7:48\"><strong>Vantaggi della motorizzazione delle serrande<\/strong><\/p>\n<p data-sourcepos=\"9:1-9:72\">I vantaggi della motorizzazione delle serrande sono molteplici, tra cui:<\/p>\n<ul data-sourcepos=\"11:1-14:0\">\n<li data-sourcepos=\"11:1-11:145\"><strong>Comodit\u00e0:<\/strong>\u00a0non \u00e8 pi\u00f9 necessario aprire e chiudere le serrande manualmente, ma \u00e8 sufficiente premere un pulsante o utilizzare un telecomando.<\/li>\n<li data-sourcepos=\"12:1-12:145\"><strong>Sicurezza:<\/strong>\u00a0la motorizzazione delle serrande pu\u00f2 migliorare la sicurezza della casa, rendendo pi\u00f9 difficile per i ladri forzare le serrande.<\/li>\n<li data-sourcepos=\"13:1-14:0\"><strong>Efficienza energetica:<\/strong>\u00a0le serrande motorizzate possono essere programmate per aprirsi e chiudersi automaticamente, in base alle esigenze dell&#8217;utente. Questo pu\u00f2 aiutare a risparmiare energia.<\/li>\n<\/ul>\n<p data-sourcepos=\"15:1-15:41\"><strong>Tipi di motorizzazione delle serrande<\/strong><\/p>\n<p data-sourcepos=\"17:1-17:64\">Esistono diversi tipi di motorizzazione delle serrande, tra cui:<\/p>\n<ul data-sourcepos=\"19:1-25:0\">\n<li data-sourcepos=\"19:1-20:39\"><strong>Motori a catena:<\/strong>\u00a0i motori a catena sono i pi\u00f9 comuni e sono adatti per serrande di piccole e medie dimensioni.\n<div class=\"attachment-container search-images\"><\/div>\n<\/li>\n<li data-sourcepos=\"21:1-22:44\"><strong>Motori a cremagliera:<\/strong>\u00a0i motori a cremagliera sono pi\u00f9 potenti dei motori a catena e sono adatti per serrande di grandi dimensioni.\n<div class=\"attachment-container search-images\"><\/div>\n<\/li>\n<li data-sourcepos=\"23:1-25:0\"><strong>Motori a pistone:<\/strong>\u00a0i motori a pistone sono i pi\u00f9 potenti e sono adatti per serrande di grandi dimensioni e di peso elevato.\n<div class=\"attachment-container search-images\"><\/div>\n<\/li>\n<\/ul>\n<p data-sourcepos=\"30:1-30:15\"><strong>Conclusione<\/strong><\/p>\n<p data-sourcepos=\"32:1-32:318\">La motorizzazione delle serrande \u00e8 una soluzione che offre numerosi vantaggi, tra cui comodit\u00e0, sicurezza ed efficienza energetica. Se stai pensando di motorizzare le serrande della tua casa, \u00e8 importante scegliere il tipo di motore pi\u00f9 adatto alle tue esigenze e di rivolgerti a un professionista per l&#8217;installazione.<\/p>\n<div class=\"flex-1 overflow-hidden\">\n<div class=\"react-scroll-to-bottom--css-qlcou-79elbk h-full\">\n<div class=\"react-scroll-to-bottom--css-qlcou-1n7m0yu\">\n<div class=\"flex flex-col pb-9 text-sm\">\n<div class=\"w-full text-token-text-primary\" data-testid=\"conversation-turn-13\">\n<div class=\"px-4 py-2 justify-center text-base md:gap-6 m-auto\">\n<div class=\"flex flex-1 text-base mx-auto gap-3 md:px-5 lg:px-1 xl:px-5 md:max-w-3xl lg:max-w-[40rem] xl:max-w-[48rem] group final-completion\">\n<div class=\"relative flex w-full flex-col lg:w-[calc(100%-115px)] agent-turn\">\n<div class=\"flex-col gap-1 md:gap-3\">\n<div class=\"flex flex-grow flex-col max-w-full\">\n<div class=\"min-h-[20px] text-message flex flex-col items-start gap-3 whitespace-pre-wrap break-words [.text-message+&amp;]:mt-5 overflow-x-auto\" data-message-author-role=\"assistant\" data-message-id=\"1e2753c2-84eb-4fb7-b946-0309bbb0d235\">\n<div class=\"markdown prose w-full break-words dark:prose-invert light\">\n<p>Potenzia la Tua Sicurezza con la Motorizzazione Serrande: Un Investimento Pratico e Sicuro<\/p>\n<p>Se desideri migliorare la funzionalit\u00e0 e la sicurezza delle tue serrande, la motorizzazione serrande \u00e8 la soluzione ideale. Questa tecnologia moderna rende l&#8217;apertura e la chiusura delle serrande un processo rapido e agevole, offrendo anche un aumento significativo della sicurezza.<\/p>\n<p>La motorizzazione serrande \u00e8 progettata per semplificare la gestione quotidiana delle tue serrande, eliminando lo sforzo fisico e migliorando l&#8217;efficienza complessiva. Il nostro team specializzato offre servizi di installazione professionale della motorizzazione per serrande, garantendo un funzionamento ottimale nel tempo.<\/p>\n<p>Investire nella motorizzazione serrande significa ottenere un maggiore controllo sulla tua sicurezza. Potrai gestire l&#8217;apertura e la chiusura delle serrande con facilit\u00e0, senza dover affrontare manualmente questa operazione. Inoltre, la motorizzazione aggiunge uno strato extra di protezione, impedendo l&#8217;accesso non autorizzato.<\/p>\n<p>Il nostro team \u00e8 esperto nell&#8217;installazione e manutenzione della motorizzazione serrande. Siamo pronti a consigliarti sulle migliori opzioni disponibili per le tue esigenze specifiche e a garantire un servizio completo, dalla consulenza iniziale all&#8217;installazione professionale.<\/p>\n<p>Scegli la comodit\u00e0 e la sicurezza con la motorizzazione serrande. Contattaci oggi per ricevere maggiori informazioni sui nostri servizi e come possiamo migliorare la tua esperienza con serrande motorizzate.<\/p>\n<\/div>\n<\/div>\n<\/div>\n<\/div>\n<\/div>\n<\/div>\n<\/div>\n<\/div>\n<\/div>\n<\/div>\n<\/div>\n<\/div>\n<p>[\/vc_column_text][\/vc_column][\/vc_row]<\/p>\n<\/div>","protected":false},"excerpt":{"rendered":"<p>[vc_row][vc_column width=&#8221;1\/2&#8243;][vc_column_text]Motorizzazione serrande a Courmayeur? La motorizzazione delle serrande \u00e8 un servizio indispensabile per preservare la schiena di tutti i commercianti o di tutti coloro che hanno un automobile in un garage. La serranda si deve alzare e abbassare minimo 4 volte al giorno, senza contare le pause pranzo e quindi diventano sei volte al<a href=\"https:\/\/www.fabbrocourmayeur.it\/?page_id=47\" class=\"more-link\">Read More<\/a><\/p>\n","protected":false},"author":4,"featured_media":301,"parent":0,"menu_order":0,"comment_status":"closed","ping_status":"closed","template":"","meta":{"footnotes":""},"class_list":["post-47","page","type-page","status-publish","has-post-thumbnail","hentry"],"_links":{"self":[{"href":"https:\/\/www.fabbrocourmayeur.it\/index.php?rest_route=\/wp\/v2\/pages\/47","targetHints":{"allow":["GET"]}}],"collection":[{"href":"https:\/\/www.fabbrocourmayeur.it\/index.php?rest_route=\/wp\/v2\/pages"}],"about":[{"href":"https:\/\/www.fabbrocourmayeur.it\/index.php?rest_route=\/wp\/v2\/types\/page"}],"author":[{"embeddable":true,"href":"https:\/\/www.fabbrocourmayeur.it\/index.php?rest_route=\/wp\/v2\/users\/4"}],"replies":[{"embeddable":true,"href":"https:\/\/www.fabbrocourmayeur.it\/index.php?rest_route=%2Fwp%2Fv2%2Fcomments&post=47"}],"version-history":[{"count":16,"href":"https:\/\/www.fabbrocourmayeur.it\/index.php?rest_route=\/wp\/v2\/pages\/47\/revisions"}],"predecessor-version":[{"id":585,"href":"https:\/\/www.fabbrocourmayeur.it\/index.php?rest_route=\/wp\/v2\/pages\/47\/revisions\/585"}],"wp:featuredmedia":[{"embeddable":true,"href":"https:\/\/www.fabbrocourmayeur.it\/index.php?rest_route=\/wp\/v2\/media\/301"}],"wp:attachment":[{"href":"https:\/\/www.fabbrocourmayeur.it\/index.php?rest_route=%2Fwp%2Fv2%2Fmedia&parent=47"}],"curies":[{"name":"wp","href":"https:\/\/api.w.org\/{rel}","templated":true}]}}